{"id":16,"date":"2018-11-14T14:47:18","date_gmt":"2018-11-14T14:47:18","guid":{"rendered":"http:\/\/brinckmanns.de\/?page_id=16"},"modified":"2026-02-04T17:48:51","modified_gmt":"2026-02-04T17:48:51","slug":"preise","status":"publish","type":"page","link":"https:\/\/brinckmanns.de\/?page_id=16","title":{"rendered":"Informationen"},"content":{"rendered":"<p><strong>Preisliste:<\/strong><img fetchpriority=\"high\" decoding=\"async\" class=\"size-full wp-image-32 alignright\" src=\"http:\/\/brinckmanns.de\/wp-content\/uploads\/2018\/11\/vorlageaugust1.jpg\" alt=\"\" width=\"425\" height=\"600\" srcset=\"https:\/\/brinckmanns.de\/wp-content\/uploads\/2018\/11\/vorlageaugust1.jpg 425w, https:\/\/brinckmanns.de\/wp-content\/uploads\/2018\/11\/vorlageaugust1-213x300.jpg 213w\" sizes=\"(max-width: 425px) 100vw, 425px\" \/><\/p>\n<p>Tr\u00f6del:\u00a0 10\u20ac\u00a0lfM.<\/p>\n<p>Neuware: 15\u20ac\u00a0 lfM.<\/p>\n<p>Sonderst\u00e4nde ( Imbiss etc.): auf Anfrage<\/p>\n<p>Grundgeb\u00fchr: 5\u20ac<\/p>\n<p>keine Reinigungskaution!<\/p>\n<p>&nbsp;<\/p>\n<p><strong>Platzvergabe<\/strong>:<\/p>\n<p>Die Platzvergabe findet immer am Vortag zwischen 13:00 und 14:00 Uhr auf dem jeweiligen Platz statt.<\/p>\n<p>&nbsp;<\/p>\n<p><strong>Auto am Stand:<\/strong><\/p>\n<p>Sofern die angemietete Platzfl\u00e4che ungef\u00e4hr der Fahrzeugl\u00e4nge entspricht, ist ein Auto hinter dem Stand m\u00f6glich. ( In der Regel ab 3 Meter )<\/p>\n<p>&nbsp;<\/p>\n<p><strong>Uhrzeiten:<\/strong><\/p>\n<p>ab 6 Uhr morgens ist der Ordner am Sonntag auf dem Markt und weist die St\u00e4nde ein.<\/p>\n<p>Die Veranstaltungen gehen bis 18:00 Uhr<\/p>\n\n\n<p><\/p>\n\n\n\n<p><\/p>\n\n\n\n<p><strong>Marktordnung:<\/strong><\/p>\n\n\n\n<p>Marktordnung<br>Ute Brinckmann \u201eBrinckmann\u00b4s M\u00e4rkte\u201c<\/p>\n\n\n\n<ol class=\"wp-block-list\">\n<li>Die Veranstaltungsfl\u00e4che des Tr\u00f6delmarktes darf nur zum Be- und Entladen<br>und in Schrittgeschwindigkeit befahren werden. Das Befahren der<br>Veranstaltungsfl\u00e4che innerhalb der aufgef\u00fchrten Verkaufszeiten ist nicht<br>gestattet. Verkaufszeiten : 11:00 Uhr \u2013 18:00 Uhr. Die Aufbauzeiten werden<br>Ihnen auf dem jeweiligen Platz von den Ordnern mitgeteilt.<\/li>\n\n\n\n<li>Der Veranstalter \u00fcbernimmt keine Haftung gegen\u00fcber Sch\u00e4den, die<br>Ausstellern oder Dritten entstehen<\/li>\n\n\n\n<li>Eine Standkarte muss gut sichtbar und komplett ausgef\u00fcllt an Ihrem Stand<br>befestigt werden<\/li>\n\n\n\n<li>Gewerbliche Anbieter m\u00fcssen im Besitz eines g\u00fcltigen Gewerbes sein.<\/li>\n\n\n\n<li>Ein Auto kann bei ausreichender Standfl\u00e4che und Tiefe hinter Ihrem Stand<br>bleiben.<\/li>\n\n\n\n<li>Der Aussteller ist selber f\u00fcr die rechtlichen Voraussetzungen zum Feilbieten<br>der Ware verantwortlich<\/li>\n\n\n\n<li>Jeder Teilnehmer an dieser Veranstaltung hat sich so zu verhalten, dass es zu<br>keiner Gef\u00e4hrdung, St\u00f6rung oder sonstigen Bel\u00e4stigungen von anderen<br>Teilnehmern oder Besuchern der Veranstaltung kommt. Bei Nichteinhalten hat<br>der Veranstalter die M\u00f6glichkeit, Ma\u00dfnahmen gegen entsprechende Personen<br>einzuleiten.<\/li>\n\n\n\n<li>Es darf nur der vom Veranstalter oder seinen Mitarbeitern zugewiesene<br>Standplatz eingenommen werden. Es besteht kein Anspruch auf Zuweisung<br>oder Behalten eines bestimmten Standplatzes.<\/li>\n\n\n\n<li>Der Verkauf von folgender Ware ist verboten: Artikel mit NS-Symbolen (auch<br>\u00fcberklebt) sowie alle laut Waffengesetz verbotenen Schuss, Hieb und<br>Stichwaffen, Pornographie in Schrift, Bild, Film und Ton, sowie Raubkopien<br>jeglicher Art, lebendige Tiere, Medikamente, Alkohol, Gas und andere<br>brennbaren Fl\u00fcssigkeiten, Waren die gegen das Zollrecht und<br>Bet\u00e4ubungsmittelgesetz versto\u00dfen<\/li>\n\n\n\n<li>Sonderst\u00e4nde wie Imbisse, Lebensmittelvertrieb und \u00e4hnliche St\u00e4nde m\u00fcssen<br>vorher mit dem Veranstalter abgesprochen und genehmigt werden. Die<br>Betreiber dieser St\u00e4nde haben f\u00fcr s\u00e4mtliche amtliche Genehmigungen, wie<br>Gestattungen selber Sorge zu tragen.<\/li>\n\n\n\n<li>Hunde d\u00fcrfen nur angeleint den Platz betreten, Fahrr\u00e4der m\u00fcssen geschoben<br>werden<\/li>\n\n\n\n<li>Jeder Aussteller verpflichtet sich, die Auf- und Abbauzeiten einzuhalten. Diese<br>werden vor jeder Veranstaltung mitgeteilt.<\/li>\n\n\n\n<li>Der Standort ist besenrein zu verlassen.<\/li>\n\n\n\n<li>Es ist strengstens untersagt, Verkaufsst\u00e4nder im Gang zu platzieren. Der<br>Rettungsweg muss eingehalten werden!<\/li>\n\n\n\n<li>Den Anweisungen des Veranstalters oder seinen Mitarbeitern ist unbedingt<br>Folge zu leisten.<\/li>\n\n\n\n<li>Bei Nichtbefolgen der Marktordnung erfolgt sofortiges Marktverbot, ohne<br>Ersatzanspr\u00fcche und ohne R\u00fcckzahlung des Standgeldes.<\/li>\n<\/ol>\n","protected":false},"excerpt":{"rendered":"<p>Preisliste: Tr\u00f6del:\u00a0 10\u20ac\u00a0lfM. Neuware: 15\u20ac\u00a0 lfM. Sonderst\u00e4nde ( Imbiss etc.): auf Anfrage Grundgeb\u00fchr: 5\u20ac keine Reinigungskaution! &nbsp; Platzvergabe: Die Platzvergabe findet immer am Vortag zwischen 13:00 und 14:00 Uhr auf [&hellip;]<\/p>\n","protected":false},"author":1,"featured_media":0,"parent":0,"menu_order":0,"comment_status":"closed","ping_status":"closed","template":"","meta":{"footnotes":""},"class_list":["post-16","page","type-page","status-publish","hentry"],"_links":{"self":[{"href":"https:\/\/brinckmanns.de\/index.php?rest_route=\/wp\/v2\/pages\/16","targetHints":{"allow":["GET"]}}],"collection":[{"href":"https:\/\/brinckmanns.de\/index.php?rest_route=\/wp\/v2\/pages"}],"about":[{"href":"https:\/\/brinckmanns.de\/index.php?rest_route=\/wp\/v2\/types\/page"}],"author":[{"embeddable":true,"href":"https:\/\/brinckmanns.de\/index.php?rest_route=\/wp\/v2\/users\/1"}],"replies":[{"embeddable":true,"href":"https:\/\/brinckmanns.de\/index.php?rest_route=%2Fwp%2Fv2%2Fcomments&post=16"}],"version-history":[{"count":6,"href":"https:\/\/brinckmanns.de\/index.php?rest_route=\/wp\/v2\/pages\/16\/revisions"}],"predecessor-version":[{"id":149,"href":"https:\/\/brinckmanns.de\/index.php?rest_route=\/wp\/v2\/pages\/16\/revisions\/149"}],"wp:attachment":[{"href":"https:\/\/brinckmanns.de\/index.php?rest_route=%2Fwp%2Fv2%2Fmedia&parent=16"}],"curies":[{"name":"wp","href":"https:\/\/api.w.org\/{rel}","templated":true}]}}