{"id":18,"date":"2018-11-14T14:52:42","date_gmt":"2018-11-14T14:52:42","guid":{"rendered":"http:\/\/brinckmanns.de\/?page_id=18"},"modified":"2026-02-04T17:50:36","modified_gmt":"2026-02-04T17:50:36","slug":"standorte-plaetze","status":"publish","type":"page","link":"https:\/\/brinckmanns.de\/?page_id=18","title":{"rendered":"Standorte \/ Pl\u00e4tze"},"content":{"rendered":"<p>Auf folgenden Pl\u00e4tzen f\u00fchren wir Tr\u00f6delm\u00e4rkte durch:<img fetchpriority=\"high\" decoding=\"async\" class=\"size-full wp-image-32 alignright\" src=\"http:\/\/brinckmanns.de\/wp-content\/uploads\/2018\/11\/vorlageaugust1.jpg\" alt=\"\" width=\"425\" height=\"600\" srcset=\"https:\/\/brinckmanns.de\/wp-content\/uploads\/2018\/11\/vorlageaugust1.jpg 425w, https:\/\/brinckmanns.de\/wp-content\/uploads\/2018\/11\/vorlageaugust1-213x300.jpg 213w\" sizes=\"(max-width: 425px) 100vw, 425px\" \/><\/p>\n<p><strong>Castrop-Rauxel<\/strong>:<\/p>\n<ul>\n<li>Aldi &#8211; Lambertstra\u00dfe 2, 44581 Castrop-Rauxel<\/li>\n<li>Lange Stra\u00dfe &#8211; 44579 Castrop Rauxel<\/li>\n<li>M\u00f6bel Boss &#8211; Siemensstra\u00dfe 11, 44579 Castrop-Rauxel<\/li>\n<\/ul>\n<p><strong>Herne<\/strong><\/p>\n<ul>\n<li>REWE \/ TOOM &#8211; Roonstra\u00dfe 6\u00a0 &#8211; 44629 Herne<\/li>\n<\/ul>\n<p><strong>Bochum<\/strong><\/p>\n<ul>\n<li>Rewe Ihr Kaufpark &#8211; Castroper Hellweg 20, 44805 Bochum<\/li>\n<\/ul>\n<p><strong>Datteln<\/strong>:<\/p>\n<ul>\n<li>Edeka Lasarz &#8211; Schachtstra\u00dfe 6, 45711 Datteln<\/li>\n<\/ul>\n<p><strong>Oer-Erkenschwick<\/strong>:<\/p>\n<ul>\n<li>Edeka Zierles &#8211; Industriestra\u00dfe 22, 45739 Oer-Erkenschwick<\/li>\n<\/ul>\n<p><strong>Gelsenkirchen<\/strong>:<\/p>\n<ul>\n<li><span class=\"w8qArf\">\u00a0Marktkauf &#8211;\u00a0<\/span><span class=\"LrzXr\">Ulrichstra\u00dfe 10, 45891 Gelsenkirchen<\/span><\/li>\n<\/ul>\n<p><strong>Dortmund:<\/strong><\/p>\n<ul>\n<li>Hornbach &#8211; Borsigstra\u00dfe 20-22, 44145 Dortmund<\/li>\n<\/ul>\n<p><strong>Kamen:<\/strong><\/p>\n<ul>\n<li>Hornbach &#8211; Zollpost 6, 59174 Kamen<\/li>\n<\/ul>\n","protected":false},"excerpt":{"rendered":"<p>Auf folgenden Pl\u00e4tzen f\u00fchren wir Tr\u00f6delm\u00e4rkte durch: Castrop-Rauxel: Aldi &#8211; Lambertstra\u00dfe 2, 44581 Castrop-Rauxel Lange Stra\u00dfe &#8211; 44579 Castrop Rauxel M\u00f6bel Boss &#8211; Siemensstra\u00dfe 11, 44579 Castrop-Rauxel Herne REWE \/ [&hellip;]<\/p>\n","protected":false},"author":1,"featured_media":0,"parent":0,"menu_order":0,"comment_status":"closed","ping_status":"closed","template":"","meta":{"footnotes":""},"class_list":["post-18","page","type-page","status-publish","hentry"],"_links":{"self":[{"href":"https:\/\/brinckmanns.de\/index.php?rest_route=\/wp\/v2\/pages\/18","targetHints":{"allow":["GET"]}}],"collection":[{"href":"https:\/\/brinckmanns.de\/index.php?rest_route=\/wp\/v2\/pages"}],"about":[{"href":"https:\/\/brinckmanns.de\/index.php?rest_route=\/wp\/v2\/types\/page"}],"author":[{"embeddable":true,"href":"https:\/\/brinckmanns.de\/index.php?rest_route=\/wp\/v2\/users\/1"}],"replies":[{"embeddable":true,"href":"https:\/\/brinckmanns.de\/index.php?rest_route=%2Fwp%2Fv2%2Fcomments&post=18"}],"version-history":[{"count":9,"href":"https:\/\/brinckmanns.de\/index.php?rest_route=\/wp\/v2\/pages\/18\/revisions"}],"predecessor-version":[{"id":152,"href":"https:\/\/brinckmanns.de\/index.php?rest_route=\/wp\/v2\/pages\/18\/revisions\/152"}],"wp:attachment":[{"href":"https:\/\/brinckmanns.de\/index.php?rest_route=%2Fwp%2Fv2%2Fmedia&parent=18"}],"curies":[{"name":"wp","href":"https:\/\/api.w.org\/{rel}","templated":true}]}}